{"id":5925,"date":"2020-05-30T12:18:03","date_gmt":"2020-05-30T10:18:03","guid":{"rendered":"https:\/\/sabonisoap.com\/?page_id=5925"},"modified":"2023-06-23T15:23:52","modified_gmt":"2023-06-23T13:23:52","slug":"points-de-vente-pnr","status":"publish","type":"page","link":"https:\/\/sabonisoap.com\/en\/points-de-vente-pnr\/","title":{"rendered":"Points de Vente \u00e0 Pointe-Noire"},"content":{"rendered":"<div id=\"fws_69eb7e1fb27ff\"  data-column-margin=\"default\" data-midnight=\"dark\"  class=\"wpb_row vc_row-fluid vc_row full-width-content vc_row-o-full-height vc_row-o-columns-middle vc_row-o-equal-height vc_row-flex\"  style=\"padding-top: 0px; padding-bottom: 0px; \"><div class=\"row-bg-wrap\" data-bg-animation=\"none\" data-bg-animation-delay=\"\" data-bg-overlay=\"false\"><div class=\"inner-wrap row-bg-layer\" ><div class=\"row-bg viewport-desktop using-bg-color\"  style=\"background-color: #f7f7f7; \"><\/div><\/div><\/div><div class=\"row_col_wrap_12 col span_12 dark left\">\n\t<div  class=\"vc_col-sm-12 wpb_column column_container vc_column_container col centered-text padding-5-percent inherit_tablet inherit_phone\"  data-padding-pos=\"all\" data-has-bg-color=\"false\" data-bg-color=\"\" data-bg-opacity=\"1\" data-animation=\"\" data-delay=\"0\" >\n\t\t<div class=\"vc_column-inner\" >\n\t\t\t<div class=\"wpb_wrapper\">\n\t\t\t\t\n<div class=\"wpb_text_column wpb_content_element\" >\n\t<div class=\"wpb_wrapper\">\n\t\t<p><iframe loading=\"lazy\" src=\"https:\/\/www.google.com\/maps\/d\/embed?mid=1-RjrDyh0Bxan5RVdlRF-nZO3lduGQQAt\" width=\"640\" height=\"480\"><\/iframe><\/p>\n\t<\/div>\n<\/div>\n\n\n\n<div id=\"fws_69eb7e1fb30d3\" data-midnight=\"\" data-column-margin=\"default\" class=\"wpb_row vc_row-fluid vc_row inner_row\"  style=\"padding-bottom: 80px; \"><div class=\"row-bg-wrap\"> <div class=\"row-bg\" ><\/div> <\/div><div class=\"row_col_wrap_12_inner col span_12  left\">\n\t<div  class=\"vc_col-sm-3 wpb_column column_container vc_column_container col child_column no-extra-padding inherit_tablet inherit_phone\"   data-padding-pos=\"all\" data-has-bg-color=\"false\" data-bg-color=\"\" data-bg-opacity=\"1\" data-animation=\"\" data-delay=\"0\" >\n\t\t<div class=\"vc_column-inner\" >\n\t\t<div class=\"wpb_wrapper\">\n\t\t\t\n\t\t<\/div> \n\t<\/div>\n\t<\/div> \n\n\t<div  class=\"vc_col-sm-6 wpb_column column_container vc_column_container col child_column has-animation no-extra-padding inherit_tablet inherit_phone\"   data-padding-pos=\"all\" data-has-bg-color=\"false\" data-bg-color=\"\" data-bg-opacity=\"1\" data-animation=\"fade-in-from-bottom\" data-delay=\"50\" >\n\t\t<div class=\"vc_column-inner\" >\n\t\t<div class=\"wpb_wrapper\">\n\t\t\t<div class=\"nectar-cta  hover_color_000000 alignment_tablet_default alignment_phone_default display_tablet_inherit display_phone_inherit\" data-color=\"default\" data-using-bg=\"false\" data-display=\"block\" data-style=\"underline\" data-alignment=\"center\" data-text-color=\"custom\" ><h6 style=\"color: #000000;\"> <span class=\"text\">You own a shop and wish to reference our products : <\/span><span class=\"link_wrap\" ><a  class=\"link_text\" style=\"border-color: #000000;\" href=\"https:\/\/sabonisoap.com\/en\/contact\/\">contact us<\/a><\/span><\/h6><\/div>\n\t\t<\/div> \n\t<\/div>\n\t<\/div> \n\n\t<div  class=\"vc_col-sm-3 wpb_column column_container vc_column_container col child_column no-extra-padding inherit_tablet inherit_phone\"   data-padding-pos=\"all\" data-has-bg-color=\"false\" data-bg-color=\"\" data-bg-opacity=\"1\" data-animation=\"\" data-delay=\"0\" >\n\t\t<div class=\"vc_column-inner\" >\n\t\t<div class=\"wpb_wrapper\">\n\t\t\t\n\t\t<\/div> \n\t<\/div>\n\t<\/div> \n<\/div><\/div><div class=\"nectar_icon_wrap\" data-style=\"soft-bg\" data-padding=\"20px\" data-color=\"accent-color\" style=\"\" >\n\t\t<div class=\"nectar_icon\" ><i style=\"font-size: 40px; line-height: 60px; height: 60px; width: 60px;\" class=\"fa fa-map-marker\"><\/i><\/div>\n\t<\/div>\n<div class=\"wpb_text_column wpb_content_element\" >\n\t<div class=\"wpb_wrapper\">\n\t\t<h3 style=\"text-align: center;\">Our points of sale to Pointe-Noire<\/h3>\n\t<\/div>\n<\/div>\n\n\n\n<div id=\"fws_69eb7e1fb40a3\" data-midnight=\"\" data-column-margin=\"default\" class=\"wpb_row vc_row-fluid vc_row inner_row\"  style=\"\"><div class=\"row-bg-wrap\"> <div class=\"row-bg\" ><\/div> <\/div><div class=\"row_col_wrap_12_inner col span_12  left\">\n\t<div  class=\"vc_col-sm-4 wpb_column column_container vc_column_container col child_column padding-1-percent inherit_tablet inherit_phone\"   data-padding-pos=\"all\" data-has-bg-color=\"false\" data-bg-color=\"\" data-bg-opacity=\"1\" data-animation=\"\" data-delay=\"0\" >\n\t\t<div class=\"vc_column-inner\" >\n\t\t<div class=\"wpb_wrapper\">\n\t\t\t<div class=\"nectar-fancy-box using-img\" data-style=\"default\" data-animation=\"\" data-hover-o=\"default\" data-border-radius=\"default\" data-border=\"\" data-box-color-opacity=\"1\" data-delay=\"\" data-alignment=\"left\" data-color=\"accent-color\" ><div class=\"box-bg\"  style=\"background-image: url('https:\/\/sabonisoap.com\/wp-content\/uploads\/2020\/09\/70896125_1184421021758697_8733371274027335680_o.jpg'); \"><\/div> <div class=\"inner\" style=\"min-height: 100px\">\n<h4>Supermarch\u00e9 March\u00e9 Gourmand<\/h4>\n<p>Rond-Point Boundji, Mpita<\/div> <div class=\"link-text\">See the place<span class=\"arrow\"><\/span><\/div> <a target=\"_blank\" href=\"https:\/\/g.page\/SupermarcheMarcheGourmand?share\" class=\"box-link\"><\/a> <\/div>\n\t\t<\/div> \n\t<\/div>\n\t<\/div> \n\n\t<div  class=\"vc_col-sm-4 wpb_column column_container vc_column_container col child_column padding-1-percent inherit_tablet inherit_phone\"   data-padding-pos=\"all\" data-has-bg-color=\"false\" data-bg-color=\"\" data-bg-opacity=\"1\" data-animation=\"\" data-delay=\"0\" >\n\t\t<div class=\"vc_column-inner\" >\n\t\t<div class=\"wpb_wrapper\">\n\t\t\t<div class=\"nectar-fancy-box using-img\" data-style=\"default\" data-animation=\"\" data-hover-o=\"default\" data-border-radius=\"default\" data-border=\"\" data-box-color-opacity=\"1\" data-delay=\"\" data-alignment=\"left\" data-color=\"accent-color\" ><div class=\"box-bg\"  style=\"background-image: url('https:\/\/sabonisoap.com\/wp-content\/uploads\/2020\/05\/71049025_1182833395250793_3068037457569120256_o.jpg'); \"><\/div> <div class=\"inner\" style=\"min-height: 100px\">\n<h4>Pharmacie Maria<\/h4>\n<p>Rue de la C\u00f4te Mat\u00e8ve &#8211; RDC Imm. La Roche, Centre-ville<\/div> <div class=\"link-text\">See the place<span class=\"arrow\"><\/span><\/div> <a target=\"_blank\" href=\"https:\/\/goo.gl\/maps\/7rwSBUC5tETB2f4e7\" class=\"box-link\"><\/a> <\/div>\n\t\t<\/div> \n\t<\/div>\n\t<\/div> \n<\/div><\/div><div id=\"fws_69eb7e1fb53ec\" data-midnight=\"\" data-column-margin=\"default\" class=\"wpb_row vc_row-fluid vc_row inner_row vc_row-o-equal-height vc_row-flex\"  style=\"\"><div class=\"row-bg-wrap\"> <div class=\"row-bg\" ><\/div> <\/div><div class=\"row_col_wrap_12_inner col span_12  left\">\n\t<div  class=\"vc_col-sm-4 wpb_column column_container vc_column_container col child_column padding-1-percent inherit_tablet inherit_phone\"   data-padding-pos=\"all\" data-has-bg-color=\"false\" data-bg-color=\"\" data-bg-opacity=\"1\" data-animation=\"\" data-delay=\"0\" >\n\t\t<div class=\"vc_column-inner\" >\n\t\t<div class=\"wpb_wrapper\">\n\t\t\t<div class=\"nectar-fancy-box using-img\" data-style=\"default\" data-animation=\"\" data-hover-o=\"default\" data-border-radius=\"default\" data-border=\"\" data-box-color-opacity=\"1\" data-delay=\"\" data-alignment=\"left\" data-color=\"accent-color\" ><div class=\"box-bg\"  style=\"background-image: url('https:\/\/sabonisoap.com\/wp-content\/uploads\/2020\/09\/71790872_1182833471917452_369064233347842048_o.jpg'); \"><\/div> <div class=\"inner\" style=\"min-height: 100px\">\n<h4>Pharmacie Croix du Sud<\/h4>\n<p>Av. Charles de Gaulle, Centre-ville<\/div> <div class=\"link-text\">See the place<span class=\"arrow\"><\/span><\/div> <a target=\"_blank\" href=\"https:\/\/goo.gl\/maps\/r2RrhgnJ46TCfCBb8\" class=\"box-link\"><\/a> <\/div>\n\t\t<\/div> \n\t<\/div>\n\t<\/div> \n\n\t<div  class=\"vc_col-sm-4 wpb_column column_container vc_column_container col child_column padding-1-percent inherit_tablet inherit_phone\"   data-padding-pos=\"all\" data-has-bg-color=\"false\" data-bg-color=\"\" data-bg-opacity=\"1\" data-animation=\"\" data-delay=\"0\" >\n\t\t<div class=\"vc_column-inner\" >\n\t\t<div class=\"wpb_wrapper\">\n\t\t\t<div class=\"nectar-fancy-box using-img\" data-style=\"default\" data-animation=\"\" data-hover-o=\"default\" data-border-radius=\"default\" data-border=\"\" data-box-color-opacity=\"1\" data-delay=\"\" data-alignment=\"left\" data-color=\"accent-color\" ><div class=\"box-bg\"  style=\"background-image: url('https:\/\/sabonisoap.com\/wp-content\/uploads\/2020\/06\/Pharmacie-du-centre-ville.jpg'); \"><\/div> <div class=\"inner\" style=\"min-height: 100px\">\n<h4>Pharmacie du Centre-Ville<\/h4>\n<p>Centre-ville, en face de La Citronnelle<\/div> <div class=\"link-text\">See the place<span class=\"arrow\"><\/span><\/div> <a target=\"_blank\" href=\"https:\/\/goo.gl\/maps\/EkdnuiioQ2HbJHH77\" class=\"box-link\"><\/a> <\/div>\n\t\t<\/div> \n\t<\/div>\n\t<\/div> \n\n\t<div  class=\"vc_col-sm-4 wpb_column column_container vc_column_container col child_column padding-1-percent inherit_tablet inherit_phone\"   data-padding-pos=\"all\" data-has-bg-color=\"false\" data-bg-color=\"\" data-bg-opacity=\"1\" data-animation=\"\" data-delay=\"0\" >\n\t\t<div class=\"vc_column-inner\" >\n\t\t<div class=\"wpb_wrapper\">\n\t\t\t<div class=\"nectar-fancy-box using-img\" data-style=\"default\" data-animation=\"\" data-hover-o=\"default\" data-border-radius=\"default\" data-border=\"\" data-box-color-opacity=\"1\" data-delay=\"\" data-alignment=\"left\" data-color=\"accent-color\" ><div class=\"box-bg\"  style=\"background-image: url('https:\/\/sabonisoap.com\/wp-content\/uploads\/2020\/09\/70801814_1182833525250780_3000648793629655040_o.jpg'); \"><\/div> <div class=\"inner\" style=\"min-height: 100px\">\n<h4>Pharmacie Pharma&rsquo;Life<\/h4>\n<p>Entr\u00e9e KM4<\/div> <div class=\"link-text\">See the place<span class=\"arrow\"><\/span><\/div> <a target=\"_blank\" href=\"https:\/\/www.facebook.com\/Pharmalife-475455062800592\" class=\"box-link\"><\/a> <\/div>\n\t\t<\/div> \n\t<\/div>\n\t<\/div> \n<\/div><\/div><div id=\"fws_69eb7e1fb676d\" data-midnight=\"\" data-column-margin=\"default\" class=\"wpb_row vc_row-fluid vc_row inner_row\"  style=\"\"><div class=\"row-bg-wrap\"> <div class=\"row-bg\" ><\/div> <\/div><div class=\"row_col_wrap_12_inner col span_12  left\">\n\t<div  class=\"vc_col-sm-4 wpb_column column_container vc_column_container col child_column padding-1-percent inherit_tablet inherit_phone\"   data-padding-pos=\"all\" data-has-bg-color=\"false\" data-bg-color=\"\" data-bg-opacity=\"1\" data-animation=\"\" data-delay=\"0\" >\n\t\t<div class=\"vc_column-inner\" >\n\t\t<div class=\"wpb_wrapper\">\n\t\t\t<div class=\"nectar-fancy-box using-img\" data-style=\"default\" data-animation=\"\" data-hover-o=\"default\" data-border-radius=\"default\" data-border=\"\" data-box-color-opacity=\"1\" data-delay=\"\" data-alignment=\"left\" data-color=\"accent-color\" ><div class=\"box-bg\"  style=\"background-image: url('https:\/\/sabonisoap.com\/wp-content\/uploads\/2020\/09\/100623134_1398456853688445_6495310549620883456_o.jpg'); \"><\/div> <div class=\"inner\" style=\"min-height: 100px\">\n<h4>Animalia<\/h4>\n<p>Rue Limbou, Centre-ville<\/div> <div class=\"link-text\">See the place<span class=\"arrow\"><\/span><\/div> <a target=\"_blank\" href=\"https:\/\/goo.gl\/maps\/5BTKn8ewYBxp8XXn9\" class=\"box-link\"><\/a> <\/div>\n\t\t<\/div> \n\t<\/div>\n\t<\/div> \n\n\t<div  class=\"vc_col-sm-4 wpb_column column_container vc_column_container col child_column padding-1-percent inherit_tablet inherit_phone\"   data-padding-pos=\"all\" data-has-bg-color=\"false\" data-bg-color=\"\" data-bg-opacity=\"1\" data-animation=\"\" data-delay=\"0\" >\n\t\t<div class=\"vc_column-inner\" >\n\t\t<div class=\"wpb_wrapper\">\n\t\t\t<div class=\"nectar-fancy-box using-img\" data-style=\"default\" data-animation=\"\" data-hover-o=\"default\" data-border-radius=\"default\" data-border=\"\" data-box-color-opacity=\"1\" data-delay=\"\" data-alignment=\"left\" data-color=\"accent-color\" ><div class=\"box-bg\"  style=\"background-image: url('https:\/\/sabonisoap.com\/wp-content\/uploads\/2020\/09\/WhatsApp-Image-2020-09-17-at-17.41.40.jpg'); \"><\/div> <div class=\"inner\" style=\"min-height: 100px\">\n<h4>Sourire Bio<\/h4>\n<p>Tchimbamba<\/div> <div class=\"link-text\">See the place<span class=\"arrow\"><\/span><\/div> <a target=\"_blank\" href=\"https:\/\/www.facebook.com\/Sourire-bio-312329956161660\/\" class=\"box-link\"><\/a> <\/div>\n\t\t<\/div> \n\t<\/div>\n\t<\/div> \n<\/div><\/div><div id=\"fws_69eb7e1fb7556\" data-midnight=\"\" data-column-margin=\"default\" class=\"wpb_row vc_row-fluid vc_row inner_row\"  style=\"\"><div class=\"row-bg-wrap\"> <div class=\"row-bg\" ><\/div> <\/div><div class=\"row_col_wrap_12_inner col span_12  left\">\n\t<div  class=\"vc_col-sm-4 wpb_column column_container vc_column_container col child_column padding-1-percent inherit_tablet inherit_phone\"   data-padding-pos=\"all\" data-has-bg-color=\"false\" data-bg-color=\"\" data-bg-opacity=\"1\" data-animation=\"\" data-delay=\"0\" >\n\t\t<div class=\"vc_column-inner\" >\n\t\t<div class=\"wpb_wrapper\">\n\t\t\t<div class=\"nectar-fancy-box using-img\" data-style=\"default\" data-animation=\"\" data-hover-o=\"default\" data-border-radius=\"default\" data-border=\"\" data-box-color-opacity=\"1\" data-delay=\"\" data-alignment=\"left\" data-color=\"accent-color\" ><div class=\"box-bg\"  style=\"background-image: url('https:\/\/sabonisoap.com\/wp-content\/uploads\/2020\/06\/WhatsApp-Image-2020-06-04-at-09.07.58.jpeg'); \"><\/div> <div class=\"inner\" style=\"min-height: 100px\">\n<h4>Pharmacie le Royal de Norah<\/h4>\n<p>Mawata<\/div> <div class=\"link-text\">See the place<span class=\"arrow\"><\/span><\/div> <a target=\"_blank\" href=\"https:\/\/goo.gl\/maps\/ys2sq98kdS5Wj1d56\" class=\"box-link\"><\/a> <\/div>\n\t\t<\/div> \n\t<\/div>\n\t<\/div> \n\n\t<div  class=\"vc_col-sm-4 wpb_column column_container vc_column_container col child_column padding-1-percent inherit_tablet inherit_phone\"   data-padding-pos=\"all\" data-has-bg-color=\"false\" data-bg-color=\"\" data-bg-opacity=\"1\" data-animation=\"\" data-delay=\"0\" >\n\t\t<div class=\"vc_column-inner\" >\n\t\t<div class=\"wpb_wrapper\">\n\t\t\t<div class=\"nectar-fancy-box using-img\" data-style=\"default\" data-animation=\"\" data-hover-o=\"default\" data-border-radius=\"default\" data-border=\"\" data-box-color-opacity=\"1\" data-delay=\"\" data-alignment=\"left\" data-color=\"accent-color\" ><div class=\"box-bg\"  style=\"background-image: url('https:\/\/sabonisoap.com\/wp-content\/uploads\/2023\/06\/WhatsApp-Image-2023-06-23-at-13.50.47.jpeg'); \"><\/div> <div class=\"inner\" style=\"min-height: 100px\">\n<h4>Bazabi Bar<\/h4>\n<p>44 rue de l&rsquo;\u00e9meraude, Centre-ville<\/div> <div class=\"link-text\">See the place<span class=\"arrow\"><\/span><\/div> <a target=\"_blank\" href=\"#\" class=\"box-link\"><\/a> <\/div>\n\t\t<\/div> \n\t<\/div>\n\t<\/div> \n\n\t<div  class=\"vc_col-sm-4 wpb_column column_container vc_column_container col child_column no-extra-padding inherit_tablet inherit_phone\"   data-padding-pos=\"all\" data-has-bg-color=\"false\" data-bg-color=\"\" data-bg-opacity=\"1\" data-animation=\"\" data-delay=\"0\" >\n\t\t<div class=\"vc_column-inner\" >\n\t\t<div class=\"wpb_wrapper\">\n\t\t\t<div class=\"nectar-fancy-box using-img\" data-style=\"default\" data-animation=\"\" data-hover-o=\"default\" data-border-radius=\"default\" data-border=\"\" data-box-color-opacity=\"1\" data-delay=\"\" data-alignment=\"left\" data-color=\"accent-color\" ><div class=\"box-bg\"  style=\"background-image: url('https:\/\/sabonisoap.com\/wp-content\/uploads\/2023\/06\/WhatsApp-Image-2023-06-23-at-14.01.29.jpeg'); \"><\/div> <div class=\"inner\" style=\"min-height: 100px\">\n<h4 class=\"section-hero-header-title-title GLOBAL__gm2-headline-5\">Stop&rsquo;Shop<\/h4>\n<p>Av. Ngueli Ngueli, Wharf<\/div> <div class=\"link-text\">See the place<span class=\"arrow\"><\/span><\/div> <a target=\"_blank\" href=\"https:\/\/goo.gl\/maps\/7YRCuNosZM6ykKNeA\" class=\"box-link\"><\/a> <\/div>\n\t\t<\/div> \n\t<\/div>\n\t<\/div> \n<\/div><\/div><div id=\"fws_69eb7e1fb8b4c\" data-midnight=\"\" data-column-margin=\"default\" class=\"wpb_row vc_row-fluid vc_row inner_row\"  style=\"\"><div class=\"row-bg-wrap\"> <div class=\"row-bg\" ><\/div> <\/div><div class=\"row_col_wrap_12_inner col span_12  left\">\n\t<div  class=\"vc_col-sm-4 wpb_column column_container vc_column_container col child_column padding-1-percent inherit_tablet inherit_phone\"   data-padding-pos=\"all\" data-has-bg-color=\"false\" data-bg-color=\"\" data-bg-opacity=\"1\" data-animation=\"\" data-delay=\"0\" >\n\t\t<div class=\"vc_column-inner\" >\n\t\t<div class=\"wpb_wrapper\">\n\t\t\t<div class=\"nectar-fancy-box using-img\" data-style=\"default\" data-animation=\"\" data-hover-o=\"default\" data-border-radius=\"default\" data-border=\"\" data-box-color-opacity=\"1\" data-delay=\"\" data-alignment=\"left\" data-color=\"accent-color\" ><div class=\"box-bg\"  style=\"background-image: url('https:\/\/sabonisoap.com\/wp-content\/uploads\/2023\/06\/WhatsApp-Image-2023-06-23-at-14.06.42.jpeg'); \"><\/div> <div class=\"inner\" style=\"min-height: 100px\">\n<h4>Ketssya Concept Store<\/h4>\n<p>138 Av. Moe-Vangoula, Centre-ville<\/div>   <\/div>\n\t\t<\/div> \n\t<\/div>\n\t<\/div> \n\n\t<div  class=\"vc_col-sm-4 wpb_column column_container vc_column_container col child_column padding-1-percent inherit_tablet inherit_phone\"   data-padding-pos=\"all\" data-has-bg-color=\"false\" data-bg-color=\"\" data-bg-opacity=\"1\" data-animation=\"\" data-delay=\"0\" >\n\t\t<div class=\"vc_column-inner\" >\n\t\t<div class=\"wpb_wrapper\">\n\t\t\t<div class=\"nectar-fancy-box using-img\" data-style=\"default\" data-animation=\"\" data-hover-o=\"default\" data-border-radius=\"default\" data-border=\"\" data-box-color-opacity=\"1\" data-delay=\"\" data-alignment=\"left\" data-color=\"accent-color\" ><div class=\"box-bg\"  style=\"background-image: url('https:\/\/sabonisoap.com\/wp-content\/uploads\/2023\/06\/WhatsApp-Image-2023-06-23-at-14.12.48.jpeg'); \"><\/div> <div class=\"inner\" style=\"min-height: 100px\">\n<h4>Villa Antonetti<\/h4>\n<p>Centre-ville, derri\u00e8re l&rsquo;immeuble CNSS<\/div> <div class=\"link-text\">See the place<span class=\"arrow\"><\/span><\/div> <a target=\"_blank\" href=\"https:\/\/goo.gl\/maps\/iXPnqrW8VXNNbbx28\" class=\"box-link\"><\/a> <\/div>\n\t\t<\/div> \n\t<\/div>\n\t<\/div> \n\n\t<div  class=\"vc_col-sm-4 wpb_column column_container vc_column_container col child_column no-extra-padding inherit_tablet inherit_phone\"   data-padding-pos=\"all\" data-has-bg-color=\"false\" data-bg-color=\"\" data-bg-opacity=\"1\" data-animation=\"\" data-delay=\"0\" >\n\t\t<div class=\"vc_column-inner\" >\n\t\t<div class=\"wpb_wrapper\">\n\t\t\t\n\t\t<\/div> \n\t<\/div>\n\t<\/div> \n<\/div><\/div>\n\t\t\t<\/div> \n\t\t<\/div>\n\t<\/div> \n<\/div><\/div>\n\t\t<div id=\"fws_69eb7e1fbb892\"  data-column-margin=\"default\" data-midnight=\"dark\"  class=\"wpb_row vc_row-fluid vc_row full-width-content vc_row-o-equal-height vc_row-flex vc_row-o-content-middle\"  style=\"padding-top: 0px; padding-bottom: 0px; \"><div class=\"row-bg-wrap\" data-bg-animation=\"none\" data-bg-animation-delay=\"\" data-bg-overlay=\"false\"><div class=\"inner-wrap row-bg-layer\" ><div class=\"row-bg viewport-desktop using-bg-color\"  style=\"background-color: #e8f7fe; \"><\/div><\/div><\/div><div class=\"row_col_wrap_12 col span_12 dark center\">\n\t<div  class=\"vc_col-sm-12 wpb_column column_container vc_column_container col no-extra-padding inherit_tablet inherit_phone\"  data-padding-pos=\"all\" data-has-bg-color=\"false\" data-bg-color=\"\" data-bg-opacity=\"1\" data-animation=\"\" data-delay=\"0\" >\n\t\t<div class=\"vc_column-inner\" >\n\t\t\t<div class=\"wpb_wrapper\">\n\t\t\t\t<div id=\"fws_69eb7e1fbbd93\" data-midnight=\"\" data-column-margin=\"default\" class=\"wpb_row vc_row-fluid vc_row inner_row\"  style=\"\"><div class=\"row-bg-wrap\"> <div class=\"row-bg\" ><\/div> <\/div><div class=\"row_col_wrap_12_inner col span_12  left\">\n\t<div  class=\"vc_col-sm-3 wpb_column column_container vc_column_container col child_column no-extra-padding inherit_tablet inherit_phone\"   data-padding-pos=\"all\" data-has-bg-color=\"false\" data-bg-color=\"\" data-bg-opacity=\"1\" data-animation=\"\" data-delay=\"0\" >\n\t\t<div class=\"vc_column-inner\" >\n\t\t<div class=\"wpb_wrapper\">\n\t\t\t\n\t\t<\/div> \n\t<\/div>\n\t<\/div> \n\n\t<div  class=\"vc_col-sm-6 wpb_column column_container vc_column_container col child_column no-extra-padding inherit_tablet inherit_phone\"   data-padding-pos=\"all\" data-has-bg-color=\"false\" data-bg-color=\"\" data-bg-opacity=\"1\" data-animation=\"\" data-delay=\"0\" >\n\t\t<div class=\"vc_column-inner\" >\n\t\t<div class=\"wpb_wrapper\">\n\t\t\t<div class=\"divider-wrap\" data-alignment=\"default\"><div style=\"height: 35px;\" class=\"divider\"><\/div><\/div>\n<div class=\"wpb_text_column wpb_content_element\" >\n\t<div class=\"wpb_wrapper\">\n\t\t<h3 style=\"text-align: center;\">Start taking care now<br \/>\nof you with your Saboni products<\/h3>\n\t<\/div>\n<\/div>\n\n\n\n<div class=\"tilt-button-wrap\"> <div class=\"tilt-button-inner\"><a class=\"nectar-button medium regular-tilt extra-color-2 tilt has-icon  regular-button\"  style=\"\"  href=\"https:\/\/sabonisoap.com\/en\/boutique\/\" data-color-override=\"false\" data-hover-color-override=\"false\" data-hover-text-color-override=\"#fff\"><span>BUY<\/span><i  class=\"icon-button-arrow\"><\/i><\/a><\/div><\/div><div class=\"divider-wrap\" data-alignment=\"default\"><div style=\"height: 35px;\" class=\"divider\"><\/div><\/div>\n\t\t<\/div> \n\t<\/div>\n\t<\/div> \n\n\t<div  class=\"vc_col-sm-3 wpb_column column_container vc_column_container col child_column no-extra-padding inherit_tablet inherit_phone\"   data-padding-pos=\"all\" data-has-bg-color=\"false\" data-bg-color=\"\" data-bg-opacity=\"1\" data-animation=\"\" data-delay=\"0\" >\n\t\t<div class=\"vc_column-inner\" >\n\t\t<div class=\"wpb_wrapper\">\n\t\t\t\n\t\t<\/div> \n\t<\/div>\n\t<\/div> \n<\/div><\/div>\n\t\t\t<\/div> \n\t\t<\/div>\n\t<\/div> \n<\/div><\/div>","protected":false},"excerpt":{"rendered":"Vous avez une boutique et souhaitez y r\u00e9f\u00e9rencer nos produits : contactez-nous Nos Points de Vente \u00e0 Pointe-Noire Supermarch\u00e9 March\u00e9 Gourmand Rond-Point Boundji, Mpita Voir...","protected":false},"author":1,"featured_media":0,"parent":0,"menu_order":0,"comment_status":"closed","ping_status":"closed","template":"","meta":{"inline_featured_image":false,"footnotes":""},"class_list":["post-5925","page","type-page","status-publish"],"_links":{"self":[{"href":"https:\/\/sabonisoap.com\/en\/wp-json\/wp\/v2\/pages\/5925","targetHints":{"allow":["GET"]}}],"collection":[{"href":"https:\/\/sabonisoap.com\/en\/wp-json\/wp\/v2\/pages"}],"about":[{"href":"https:\/\/sabonisoap.com\/en\/wp-json\/wp\/v2\/types\/page"}],"author":[{"embeddable":true,"href":"https:\/\/sabonisoap.com\/en\/wp-json\/wp\/v2\/users\/1"}],"replies":[{"embeddable":true,"href":"https:\/\/sabonisoap.com\/en\/wp-json\/wp\/v2\/comments?post=5925"}],"version-history":[{"count":51,"href":"https:\/\/sabonisoap.com\/en\/wp-json\/wp\/v2\/pages\/5925\/revisions"}],"predecessor-version":[{"id":6184,"href":"https:\/\/sabonisoap.com\/en\/wp-json\/wp\/v2\/pages\/5925\/revisions\/6184"}],"wp:attachment":[{"href":"https:\/\/sabonisoap.com\/en\/wp-json\/wp\/v2\/media?parent=5925"}],"curies":[{"name":"wp","href":"https:\/\/api.w.org\/{rel}","templated":true}]}}